{"id":205,"date":"2024-11-18T17:21:33","date_gmt":"2024-11-18T17:21:33","guid":{"rendered":"https:\/\/perfect-pixel.site\/?page_id=205"},"modified":"2025-01-24T07:03:12","modified_gmt":"2025-01-24T07:03:12","slug":"reklamni-materijal","status":"publish","type":"page","link":"https:\/\/perfect-pixel.site\/?page_id=205","title":{"rendered":"Reklamni materijal"},"content":{"rendered":"\t\t<div data-elementor-type=\"wp-page\" data-elementor-id=\"205\" class=\"elementor elementor-205\">\n\t\t\t\t<div class=\"elementor-element elementor-element-7c8490f e-flex e-con-boxed e-con e-parent\" data-id=\"7c8490f\" data-element_type=\"container\">\n\t\t\t\t\t<div class=\"e-con-inner\">\n\t\t\t\t<div class=\"elementor-element elementor-element-1278b5b elementor-widget elementor-widget-text-editor\" data-id=\"1278b5b\" data-element_type=\"widget\" data-widget_type=\"text-editor.default\">\n\t\t\t\t<div class=\"elementor-widget-container\">\n\t\t\t\t\t\t\t\t\t<p>Ponuda za kreiranje efektivnog reklamnog materijala koji \u0107e istaknuti va\u0161 brend i privu\u0107i pa\u017enju ciljne publike igra klju\u010dnu ulogu u formiranju prvog utiska o va\u0161em brendu i ostvarivanju dugoro\u010dnih veza s klijentima. Nudim vam kreativni pristup i visokokvalitetan dizajn kako bismo postigli najbolje rezultate.\u00a0<br \/>\u00a0<br \/>U ponudi su dizajn vizitki, flajera, sertifikata, poklon vau\u010dera, plakata, bilborda, etiketa, nalepnica.\u00a0<\/p>\t\t\t\t\t\t\t\t<\/div>\n\t\t\t\t<\/div>\n\t\t\t\t\t<\/div>\n\t\t\t\t<\/div>\n\t\t\t\t<\/div>\n\t\t","protected":false},"excerpt":{"rendered":"<p>Ponuda za kreiranje efektivnog reklamnog materijala koji \u0107e istaknuti va\u0161 brend i privu\u0107i pa\u017enju ciljne publike igra klju\u010dnu ulogu u formiranju prvog utiska o va\u0161em brendu i ostvarivanju dugoro\u010dnih veza s klijentima. Nudim vam kreativni pristup i visokokvalitetan dizajn kako bismo postigli najbolje rezultate.\u00a0\u00a0U ponudi su dizajn vizitki, flajera, sertifikata, poklon vau\u010dera, plakata, bilborda, etiketa, [&hellip;]<\/p>\n","protected":false},"author":1,"featured_media":0,"parent":0,"menu_order":0,"comment_status":"closed","ping_status":"closed","template":"","meta":{"om_disable_all_campaigns":false,"_monsterinsights_skip_tracking":false,"_monsterinsights_sitenote_active":false,"_monsterinsights_sitenote_note":"","_monsterinsights_sitenote_category":0,"footnotes":""},"class_list":["post-205","page","type-page","status-publish","hentry"],"blocksy_meta":[],"aioseo_notices":[],"_links":{"self":[{"href":"https:\/\/perfect-pixel.site\/index.php?rest_route=\/wp\/v2\/pages\/205","targetHints":{"allow":["GET"]}}],"collection":[{"href":"https:\/\/perfect-pixel.site\/index.php?rest_route=\/wp\/v2\/pages"}],"about":[{"href":"https:\/\/perfect-pixel.site\/index.php?rest_route=\/wp\/v2\/types\/page"}],"author":[{"embeddable":true,"href":"https:\/\/perfect-pixel.site\/index.php?rest_route=\/wp\/v2\/users\/1"}],"replies":[{"embeddable":true,"href":"https:\/\/perfect-pixel.site\/index.php?rest_route=%2Fwp%2Fv2%2Fcomments&post=205"}],"version-history":[{"count":5,"href":"https:\/\/perfect-pixel.site\/index.php?rest_route=\/wp\/v2\/pages\/205\/revisions"}],"predecessor-version":[{"id":211,"href":"https:\/\/perfect-pixel.site\/index.php?rest_route=\/wp\/v2\/pages\/205\/revisions\/211"}],"wp:attachment":[{"href":"https:\/\/perfect-pixel.site\/index.php?rest_route=%2Fwp%2Fv2%2Fmedia&parent=205"}],"curies":[{"name":"wp","href":"https:\/\/api.w.org\/{rel}","templated":true}]}}